{"id":1375,"date":"2020-11-20T15:02:04","date_gmt":"2020-11-20T15:02:04","guid":{"rendered":"http:\/\/rsoffroad.com.br\/?page_id=1375"},"modified":"2020-11-20T16:57:43","modified_gmt":"2020-11-20T16:57:43","slug":"rota-dos-farois","status":"publish","type":"page","link":"https:\/\/rsoffroad.com.br\/?page_id=1375","title":{"rendered":"Rota dos Far\u00f3is"},"content":{"rendered":"\n<p><strong>A RS OFFROAD vem convidar para o passeio Rota dos Far\u00f3is<\/strong><\/p>\n\n\n\n<figure class=\"wp-block-embed-youtube wp-block-embed is-type-video is-provider-youtube wp-embed-aspect-16-9 wp-has-aspect-ratio\"><div class=\"wp-block-embed__wrapper\">\n<iframe loading=\"lazy\" title=\"Rota dos Far\u00f3is - RS OFFROAD [4K]\" width=\"790\" height=\"444\" src=\"https:\/\/www.youtube.com\/embed\/2jf0lrMHDFo?feature=oembed\" frameborder=\"0\" allow=\"accelerometer; autoplay; clipboard-write; encrypted-media; gyroscope; picture-in-picture\" allowfullscreen><\/iframe>\n<\/div><\/figure>\n\n\n\n<p><strong>Programa\u00e7\u00e3o de S\u00e1bado <\/strong><br>Sairemos as 10:30 hrs de Mostardas\/RS, do Posto Princ\u00edpio (possui Lancheria 101 ao lado e supermercado pr\u00f3ximo). Come\u00e7amos ent\u00e3o a encarar muita areia em dire\u00e7\u00e3o ao isolado Farol Crist\u00f3v\u00e3o Pereira, nas margens da Lagoa dos Patos. Faremos um piquenique onde cada um leva sua \u00e1gua, refri\/cerveja e algo para comer (podemos combinar e fazer um churrasco onde cada um leva um peda\u00e7o de carne) nas areias branquinhas da lagoa e sob a sombra das \u00e1rvores costeiras. Levar traje para banho na lagoa! Ap\u00f3s o piquenique\/churrasco iremos em dire\u00e7\u00e3o ao belo Farol Cap\u00e3o da Marca.<br>Ap\u00f3s assistirmos o por do sol na beira da Lagoa dos Patos, seguiremos em dire\u00e7\u00e3o a um restaurante costeiro para um delicioso jantar com camar\u00e3o rosa da Lagoa do Peixe, bolinhos de siri, carne bovina, galinha caseira, peixes frescos da Lagoa dos Patos, pure, arroz, feij\u00e3o, saladas. Ap\u00f3s a janta seguiremos em dire\u00e7\u00e3o a Pousada Costa do Mar na cidade de Tavares.<\/p>\n\n\n\n<p><strong>Programa\u00e7\u00e3o de Domingo<br><\/strong>Caf\u00e9 da manh\u00e3 as 7:30. Ap\u00f3s o caf\u00e9 vamos seguir em dire\u00e7\u00e3o ao oceano, pegando a Estrada do Talha-mar, que cruza o Parque Nacional da Lagoa do Peixe onde visitaremos o Farol de Mostardas. Recomendo traje para banho de praia. Ap\u00f3s almo\u00e7o vamos seguir no sentido Porto Alegre e visitaremos o Farol da Solid\u00e3o, o \u00faltimo farol da expedi\u00e7\u00e3o.<\/p>\n\n\n\n<p>Ser\u00e3o tiradas fotos profissionais da sua viatura 4&#215;4 e dos participantes! No dia seguinte ao t\u00e9rmino do passeio, receber\u00e3o todas as fotos em alta resolu\u00e7\u00e3o e tamb\u00e9m algumas fotos editadas. Haver\u00e1 tamb\u00e9m v\u00eddeos com os melhores momentos do passeio.<\/p>\n\n\n\n<p>Est\u00e3o inclusos no valor, 1 pernoite em Pousada, a janta de s\u00e1bado, o caf\u00e9 da manh\u00e3 e tamb\u00e9m o almo\u00e7o de domingo. Apoio no trajeto e ingressos nas propriedades particulares.<\/p>\n\n\n\n<p>Ponto de encontro: Posto Princ\u00edpio. Endere\u00e7o: RST 101, Km 163, 1961 &#8211; Mostardas\/RS, 96270-000<\/p>\n\n\n\n<p>Sa\u00edda as 10:30 horas do s\u00e1bado.<\/p>\n\n\n\n<p>Lembrando que os \u00fanico requisitos para o ve\u00edculo s\u00e3o de estar com a manuten\u00e7\u00e3o em dia e ter tra\u00e7\u00e3o 4&#215;4. N\u00e3o ser\u00e1 necess\u00e1ria nenhuma prepara\u00e7\u00e3o no carro ou pneu especial para uso offroad.<\/p>\n\n\n\n<p>Interessados falar com Mateus Casarin (instagram: @matecasar \/ @rsoffroad) ou no WhatsApp: 55 9 9937 3722<\/p>\n\n\n\n<figure class=\"wp-block-gallery columns-3 is-cropped\"><ul class=\"blocks-gallery-grid\"><li class=\"blocks-gallery-item\"><figure><a href=\"http:\/\/rsoffroad.com.br\/wp-content\/uploads\/2020\/11\/IMG_4760-scaled.jpg\"><img loading=\"lazy\" width=\"768\" height=\"1024\" src=\"http:\/\/rsoffroad.com.br\/wp-content\/uploads\/2020\/11\/IMG_4760-768x1024.jpg\" alt=\"\" data-id=\"1420\" data-full-url=\"http:\/\/rsoffroad.com.br\/wp-content\/uploads\/2020\/11\/IMG_4760-scaled.jpg\" data-link=\"http:\/\/rsoffroad.com.br\/?attachment_id=1420\" class=\"wp-image-1420\" srcset=\"https:\/\/rsoffroad.com.br\/wp-content\/uploads\/2020\/11\/IMG_4760-768x1024.jpg 768w, https:\/\/rsoffroad.com.br\/wp-content\/uploads\/2020\/11\/IMG_4760-225x300.jpg 225w, https:\/\/rsoffroad.com.br\/wp-content\/uploads\/2020\/11\/IMG_4760-1152x1536.jpg 1152w, https:\/\/rsoffroad.com.br\/wp-content\/uploads\/2020\/11\/IMG_4760-1536x2048.jpg 1536w, https:\/\/rsoffroad.com.br\/wp-content\/uploads\/2020\/11\/IMG_4760-scaled.jpg 1920w\" sizes=\"(max-width: 768px) 100vw, 768px\" \/><\/a><\/figure><\/li><li class=\"blocks-gallery-item\"><figure><a href=\"http:\/\/rsoffroad.com.br\/wp-content\/uploads\/2020\/11\/DJI_0815-scaled.jpg\"><img loading=\"lazy\" width=\"1024\" height=\"768\" src=\"http:\/\/rsoffroad.com.br\/wp-content\/uploads\/2020\/11\/DJI_0815-1024x768.jpg\" alt=\"\" data-id=\"1421\" data-full-url=\"http:\/\/rsoffroad.com.br\/wp-content\/uploads\/2020\/11\/DJI_0815-scaled.jpg\" data-link=\"http:\/\/rsoffroad.com.br\/?attachment_id=1421\" class=\"wp-image-1421\" srcset=\"https:\/\/rsoffroad.com.br\/wp-content\/uploads\/2020\/11\/DJI_0815-1024x768.jpg 1024w, https:\/\/rsoffroad.com.br\/wp-content\/uploads\/2020\/11\/DJI_0815-300x225.jpg 300w, https:\/\/rsoffroad.com.br\/wp-content\/uploads\/2020\/11\/DJI_0815-768x576.jpg 768w, https:\/\/rsoffroad.com.br\/wp-content\/uploads\/2020\/11\/DJI_0815-1536x1152.jpg 1536w, https:\/\/rsoffroad.com.br\/wp-content\/uploads\/2020\/11\/DJI_0815-2048x1536.jpg 2048w\" sizes=\"(max-width: 1024px) 100vw, 1024px\" \/><\/a><\/figure><\/li><li class=\"blocks-gallery-item\"><figure><a href=\"http:\/\/rsoffroad.com.br\/wp-content\/uploads\/2020\/11\/IMG_8675-scaled.jpg\"><img loading=\"lazy\" width=\"683\" height=\"1024\" src=\"http:\/\/rsoffroad.com.br\/wp-content\/uploads\/2020\/11\/IMG_8675-683x1024.jpg\" alt=\"\" data-id=\"1422\" data-full-url=\"http:\/\/rsoffroad.com.br\/wp-content\/uploads\/2020\/11\/IMG_8675-scaled.jpg\" data-link=\"http:\/\/rsoffroad.com.br\/?attachment_id=1422\" class=\"wp-image-1422\" srcset=\"https:\/\/rsoffroad.com.br\/wp-content\/uploads\/2020\/11\/IMG_8675-683x1024.jpg 683w, https:\/\/rsoffroad.com.br\/wp-content\/uploads\/2020\/11\/IMG_8675-200x300.jpg 200w, https:\/\/rsoffroad.com.br\/wp-content\/uploads\/2020\/11\/IMG_8675-768x1152.jpg 768w, https:\/\/rsoffroad.com.br\/wp-content\/uploads\/2020\/11\/IMG_8675-1024x1536.jpg 1024w, https:\/\/rsoffroad.com.br\/wp-content\/uploads\/2020\/11\/IMG_8675-1365x2048.jpg 1365w, https:\/\/rsoffroad.com.br\/wp-content\/uploads\/2020\/11\/IMG_8675-scaled.jpg 1707w\" sizes=\"(max-width: 683px) 100vw, 683px\" \/><\/a><\/figure><\/li><li class=\"blocks-gallery-item\"><figure><a href=\"http:\/\/rsoffroad.com.br\/wp-content\/uploads\/2020\/11\/IMG_8634-scaled.jpg\"><img loading=\"lazy\" width=\"683\" height=\"1024\" src=\"http:\/\/rsoffroad.com.br\/wp-content\/uploads\/2020\/11\/IMG_8634-683x1024.jpg\" alt=\"\" data-id=\"1424\" data-full-url=\"http:\/\/rsoffroad.com.br\/wp-content\/uploads\/2020\/11\/IMG_8634-scaled.jpg\" data-link=\"http:\/\/rsoffroad.com.br\/?attachment_id=1424\" class=\"wp-image-1424\" srcset=\"https:\/\/rsoffroad.com.br\/wp-content\/uploads\/2020\/11\/IMG_8634-683x1024.jpg 683w, https:\/\/rsoffroad.com.br\/wp-content\/uploads\/2020\/11\/IMG_8634-200x300.jpg 200w, https:\/\/rsoffroad.com.br\/wp-content\/uploads\/2020\/11\/IMG_8634-768x1152.jpg 768w, https:\/\/rsoffroad.com.br\/wp-content\/uploads\/2020\/11\/IMG_8634-1024x1536.jpg 1024w, https:\/\/rsoffroad.com.br\/wp-content\/uploads\/2020\/11\/IMG_8634-1365x2048.jpg 1365w, https:\/\/rsoffroad.com.br\/wp-content\/uploads\/2020\/11\/IMG_8634-scaled.jpg 1707w\" sizes=\"(max-width: 683px) 100vw, 683px\" \/><\/a><\/figure><\/li><li class=\"blocks-gallery-item\"><figure><a href=\"http:\/\/rsoffroad.com.br\/wp-content\/uploads\/2020\/11\/4A24529A-9DDC-4C66-B488-FB9F716C1C3D-scaled.jpg\"><img loading=\"lazy\" width=\"1024\" height=\"826\" src=\"http:\/\/rsoffroad.com.br\/wp-content\/uploads\/2020\/11\/4A24529A-9DDC-4C66-B488-FB9F716C1C3D-1024x826.jpg\" alt=\"\" data-id=\"1426\" data-full-url=\"http:\/\/rsoffroad.com.br\/wp-content\/uploads\/2020\/11\/4A24529A-9DDC-4C66-B488-FB9F716C1C3D-scaled.jpg\" data-link=\"http:\/\/rsoffroad.com.br\/?attachment_id=1426\" class=\"wp-image-1426\" srcset=\"https:\/\/rsoffroad.com.br\/wp-content\/uploads\/2020\/11\/4A24529A-9DDC-4C66-B488-FB9F716C1C3D-1024x826.jpg 1024w, https:\/\/rsoffroad.com.br\/wp-content\/uploads\/2020\/11\/4A24529A-9DDC-4C66-B488-FB9F716C1C3D-300x242.jpg 300w, https:\/\/rsoffroad.com.br\/wp-content\/uploads\/2020\/11\/4A24529A-9DDC-4C66-B488-FB9F716C1C3D-768x619.jpg 768w, https:\/\/rsoffroad.com.br\/wp-content\/uploads\/2020\/11\/4A24529A-9DDC-4C66-B488-FB9F716C1C3D-1536x1239.jpg 1536w, https:\/\/rsoffroad.com.br\/wp-content\/uploads\/2020\/11\/4A24529A-9DDC-4C66-B488-FB9F716C1C3D-2048x1652.jpg 2048w\" sizes=\"(max-width: 1024px) 100vw, 1024px\" \/><\/a><\/figure><\/li><li class=\"blocks-gallery-item\"><figure><a href=\"http:\/\/rsoffroad.com.br\/wp-content\/uploads\/2020\/11\/Snapseed-10-scaled.jpg\"><img loading=\"lazy\" width=\"1024\" height=\"1020\" src=\"http:\/\/rsoffroad.com.br\/wp-content\/uploads\/2020\/11\/Snapseed-10-1024x1020.jpg\" alt=\"\" data-id=\"1428\" data-full-url=\"http:\/\/rsoffroad.com.br\/wp-content\/uploads\/2020\/11\/Snapseed-10-scaled.jpg\" data-link=\"http:\/\/rsoffroad.com.br\/?attachment_id=1428\" class=\"wp-image-1428\" srcset=\"https:\/\/rsoffroad.com.br\/wp-content\/uploads\/2020\/11\/Snapseed-10-1024x1020.jpg 1024w, https:\/\/rsoffroad.com.br\/wp-content\/uploads\/2020\/11\/Snapseed-10-300x300.jpg 300w, https:\/\/rsoffroad.com.br\/wp-content\/uploads\/2020\/11\/Snapseed-10-150x150.jpg 150w, https:\/\/rsoffroad.com.br\/wp-content\/uploads\/2020\/11\/Snapseed-10-768x765.jpg 768w, https:\/\/rsoffroad.com.br\/wp-content\/uploads\/2020\/11\/Snapseed-10-1536x1530.jpg 1536w, https:\/\/rsoffroad.com.br\/wp-content\/uploads\/2020\/11\/Snapseed-10-2048x2040.jpg 2048w\" sizes=\"(max-width: 1024px) 100vw, 1024px\" \/><\/a><\/figure><\/li><li class=\"blocks-gallery-item\"><figure><a href=\"http:\/\/rsoffroad.com.br\/wp-content\/uploads\/2020\/11\/IMG_8685-scaled.jpg\"><img loading=\"lazy\" width=\"1024\" height=\"683\" src=\"http:\/\/rsoffroad.com.br\/wp-content\/uploads\/2020\/11\/IMG_8685-1024x683.jpg\" alt=\"\" data-id=\"1431\" data-full-url=\"http:\/\/rsoffroad.com.br\/wp-content\/uploads\/2020\/11\/IMG_8685-scaled.jpg\" data-link=\"http:\/\/rsoffroad.com.br\/?attachment_id=1431\" class=\"wp-image-1431\" srcset=\"https:\/\/rsoffroad.com.br\/wp-content\/uploads\/2020\/11\/IMG_8685-1024x683.jpg 1024w, https:\/\/rsoffroad.com.br\/wp-content\/uploads\/2020\/11\/IMG_8685-300x200.jpg 300w, https:\/\/rsoffroad.com.br\/wp-content\/uploads\/2020\/11\/IMG_8685-768x512.jpg 768w, https:\/\/rsoffroad.com.br\/wp-content\/uploads\/2020\/11\/IMG_8685-1536x1024.jpg 1536w, https:\/\/rsoffroad.com.br\/wp-content\/uploads\/2020\/11\/IMG_8685-2048x1365.jpg 2048w\" sizes=\"(max-width: 1024px) 100vw, 1024px\" \/><\/a><\/figure><\/li><li class=\"blocks-gallery-item\"><figure><a href=\"http:\/\/rsoffroad.com.br\/wp-content\/uploads\/2020\/11\/DJI_0840-scaled.jpg\"><img loading=\"lazy\" width=\"1024\" height=\"768\" src=\"http:\/\/rsoffroad.com.br\/wp-content\/uploads\/2020\/11\/DJI_0840-1024x768.jpg\" alt=\"\" data-id=\"1435\" data-full-url=\"http:\/\/rsoffroad.com.br\/wp-content\/uploads\/2020\/11\/DJI_0840-scaled.jpg\" data-link=\"http:\/\/rsoffroad.com.br\/?attachment_id=1435\" class=\"wp-image-1435\" srcset=\"https:\/\/rsoffroad.com.br\/wp-content\/uploads\/2020\/11\/DJI_0840-1024x768.jpg 1024w, https:\/\/rsoffroad.com.br\/wp-content\/uploads\/2020\/11\/DJI_0840-300x225.jpg 300w, https:\/\/rsoffroad.com.br\/wp-content\/uploads\/2020\/11\/DJI_0840-768x576.jpg 768w, https:\/\/rsoffroad.com.br\/wp-content\/uploads\/2020\/11\/DJI_0840-1536x1152.jpg 1536w, https:\/\/rsoffroad.com.br\/wp-content\/uploads\/2020\/11\/DJI_0840-2048x1536.jpg 2048w\" sizes=\"(max-width: 1024px) 100vw, 1024px\" \/><\/a><\/figure><\/li><li class=\"blocks-gallery-item\"><figure><a href=\"http:\/\/rsoffroad.com.br\/wp-content\/uploads\/2020\/11\/Snapseed-9-scaled.jpg\"><img loading=\"lazy\" width=\"916\" height=\"1024\" src=\"http:\/\/rsoffroad.com.br\/wp-content\/uploads\/2020\/11\/Snapseed-9-916x1024.jpg\" alt=\"\" data-id=\"1436\" data-full-url=\"http:\/\/rsoffroad.com.br\/wp-content\/uploads\/2020\/11\/Snapseed-9-scaled.jpg\" data-link=\"http:\/\/rsoffroad.com.br\/?attachment_id=1436\" class=\"wp-image-1436\" srcset=\"https:\/\/rsoffroad.com.br\/wp-content\/uploads\/2020\/11\/Snapseed-9-916x1024.jpg 916w, https:\/\/rsoffroad.com.br\/wp-content\/uploads\/2020\/11\/Snapseed-9-269x300.jpg 269w, https:\/\/rsoffroad.com.br\/wp-content\/uploads\/2020\/11\/Snapseed-9-768x858.jpg 768w, https:\/\/rsoffroad.com.br\/wp-content\/uploads\/2020\/11\/Snapseed-9-1375x1536.jpg 1375w, https:\/\/rsoffroad.com.br\/wp-content\/uploads\/2020\/11\/Snapseed-9-1833x2048.jpg 1833w\" sizes=\"(max-width: 916px) 100vw, 916px\" \/><\/a><figcaption class=\"blocks-gallery-item__caption\"><br><\/figcaption><\/figure><\/li><li class=\"blocks-gallery-item\"><figure><a href=\"http:\/\/rsoffroad.com.br\/wp-content\/uploads\/2020\/11\/IMG_2585-scaled.jpg\"><img loading=\"lazy\" width=\"683\" height=\"1024\" src=\"http:\/\/rsoffroad.com.br\/wp-content\/uploads\/2020\/11\/IMG_2585-683x1024.jpg\" alt=\"\" data-id=\"1438\" data-full-url=\"http:\/\/rsoffroad.com.br\/wp-content\/uploads\/2020\/11\/IMG_2585-scaled.jpg\" data-link=\"http:\/\/rsoffroad.com.br\/?attachment_id=1438\" class=\"wp-image-1438\" srcset=\"https:\/\/rsoffroad.com.br\/wp-content\/uploads\/2020\/11\/IMG_2585-683x1024.jpg 683w, https:\/\/rsoffroad.com.br\/wp-content\/uploads\/2020\/11\/IMG_2585-200x300.jpg 200w, https:\/\/rsoffroad.com.br\/wp-content\/uploads\/2020\/11\/IMG_2585-768x1152.jpg 768w, https:\/\/rsoffroad.com.br\/wp-content\/uploads\/2020\/11\/IMG_2585-1024x1536.jpg 1024w, https:\/\/rsoffroad.com.br\/wp-content\/uploads\/2020\/11\/IMG_2585-1365x2048.jpg 1365w, https:\/\/rsoffroad.com.br\/wp-content\/uploads\/2020\/11\/IMG_2585-scaled.jpg 1706w\" sizes=\"(max-width: 683px) 100vw, 683px\" \/><\/a><\/figure><\/li><li class=\"blocks-gallery-item\"><figure><a href=\"http:\/\/rsoffroad.com.br\/wp-content\/uploads\/2020\/11\/IMG_2278-scaled.jpg\"><img loading=\"lazy\" width=\"1024\" height=\"824\" src=\"http:\/\/rsoffroad.com.br\/wp-content\/uploads\/2020\/11\/IMG_2278-1024x824.jpg\" alt=\"\" data-id=\"1440\" data-full-url=\"http:\/\/rsoffroad.com.br\/wp-content\/uploads\/2020\/11\/IMG_2278-scaled.jpg\" data-link=\"http:\/\/rsoffroad.com.br\/?attachment_id=1440\" class=\"wp-image-1440\" srcset=\"https:\/\/rsoffroad.com.br\/wp-content\/uploads\/2020\/11\/IMG_2278-1024x824.jpg 1024w, https:\/\/rsoffroad.com.br\/wp-content\/uploads\/2020\/11\/IMG_2278-300x241.jpg 300w, https:\/\/rsoffroad.com.br\/wp-content\/uploads\/2020\/11\/IMG_2278-768x618.jpg 768w, https:\/\/rsoffroad.com.br\/wp-content\/uploads\/2020\/11\/IMG_2278-1536x1235.jpg 1536w, https:\/\/rsoffroad.com.br\/wp-content\/uploads\/2020\/11\/IMG_2278-2048x1647.jpg 2048w\" sizes=\"(max-width: 1024px) 100vw, 1024px\" \/><\/a><\/figure><\/li><li class=\"blocks-gallery-item\"><figure><a href=\"http:\/\/rsoffroad.com.br\/wp-content\/uploads\/2020\/11\/IMG_6598-scaled.jpg\"><img loading=\"lazy\" width=\"1024\" height=\"683\" src=\"http:\/\/rsoffroad.com.br\/wp-content\/uploads\/2020\/11\/IMG_6598-1024x683.jpg\" alt=\"\" data-id=\"1442\" data-full-url=\"http:\/\/rsoffroad.com.br\/wp-content\/uploads\/2020\/11\/IMG_6598-scaled.jpg\" data-link=\"http:\/\/rsoffroad.com.br\/?attachment_id=1442\" class=\"wp-image-1442\" srcset=\"https:\/\/rsoffroad.com.br\/wp-content\/uploads\/2020\/11\/IMG_6598-1024x683.jpg 1024w, https:\/\/rsoffroad.com.br\/wp-content\/uploads\/2020\/11\/IMG_6598-300x200.jpg 300w, https:\/\/rsoffroad.com.br\/wp-content\/uploads\/2020\/11\/IMG_6598-768x512.jpg 768w, https:\/\/rsoffroad.com.br\/wp-content\/uploads\/2020\/11\/IMG_6598-1536x1024.jpg 1536w, https:\/\/rsoffroad.com.br\/wp-content\/uploads\/2020\/11\/IMG_6598-2048x1365.jpg 2048w\" sizes=\"(max-width: 1024px) 100vw, 1024px\" \/><\/a><\/figure><\/li><li class=\"blocks-gallery-item\"><figure><a href=\"http:\/\/rsoffroad.com.br\/wp-content\/uploads\/2020\/11\/IMG_6621-scaled.jpg\"><img loading=\"lazy\" width=\"1024\" height=\"683\" src=\"http:\/\/rsoffroad.com.br\/wp-content\/uploads\/2020\/11\/IMG_6621-1024x683.jpg\" alt=\"\" data-id=\"1443\" data-full-url=\"http:\/\/rsoffroad.com.br\/wp-content\/uploads\/2020\/11\/IMG_6621-scaled.jpg\" data-link=\"http:\/\/rsoffroad.com.br\/?attachment_id=1443\" class=\"wp-image-1443\" srcset=\"https:\/\/rsoffroad.com.br\/wp-content\/uploads\/2020\/11\/IMG_6621-1024x683.jpg 1024w, https:\/\/rsoffroad.com.br\/wp-content\/uploads\/2020\/11\/IMG_6621-300x200.jpg 300w, https:\/\/rsoffroad.com.br\/wp-content\/uploads\/2020\/11\/IMG_6621-768x512.jpg 768w, https:\/\/rsoffroad.com.br\/wp-content\/uploads\/2020\/11\/IMG_6621-1536x1024.jpg 1536w, https:\/\/rsoffroad.com.br\/wp-content\/uploads\/2020\/11\/IMG_6621-2048x1365.jpg 2048w\" sizes=\"(max-width: 1024px) 100vw, 1024px\" \/><\/a><\/figure><\/li><\/ul><\/figure>\n","protected":false},"excerpt":{"rendered":"<p>A RS OFFROAD vem convidar para o passeio Rota dos Far\u00f3is Programa\u00e7\u00e3o de S\u00e1bado Sairemos as 10:30 hrs de Mostardas\/RS, do Posto Princ\u00edpio (possui Lancheria 101 ao lado e supermercado pr\u00f3ximo). Come\u00e7amos ent\u00e3o a encarar muita areia em dire\u00e7\u00e3o ao isolado Farol Crist\u00f3v\u00e3o Pereira, nas margens da Lagoa dos Patos&#8230;.<\/p>\n","protected":false},"author":3,"featured_media":1426,"parent":0,"menu_order":0,"comment_status":"closed","ping_status":"closed","template":"","meta":[],"_links":{"self":[{"href":"https:\/\/rsoffroad.com.br\/index.php?rest_route=\/wp\/v2\/pages\/1375"}],"collection":[{"href":"https:\/\/rsoffroad.com.br\/index.php?rest_route=\/wp\/v2\/pages"}],"about":[{"href":"https:\/\/rsoffroad.com.br\/index.php?rest_route=\/wp\/v2\/types\/page"}],"author":[{"embeddable":true,"href":"https:\/\/rsoffroad.com.br\/index.php?rest_route=\/wp\/v2\/users\/3"}],"replies":[{"embeddable":true,"href":"https:\/\/rsoffroad.com.br\/index.php?rest_route=%2Fwp%2Fv2%2Fcomments&post=1375"}],"version-history":[{"count":4,"href":"https:\/\/rsoffroad.com.br\/index.php?rest_route=\/wp\/v2\/pages\/1375\/revisions"}],"predecessor-version":[{"id":1448,"href":"https:\/\/rsoffroad.com.br\/index.php?rest_route=\/wp\/v2\/pages\/1375\/revisions\/1448"}],"wp:featuredmedia":[{"embeddable":true,"href":"https:\/\/rsoffroad.com.br\/index.php?rest_route=\/wp\/v2\/media\/1426"}],"wp:attachment":[{"href":"https:\/\/rsoffroad.com.br\/index.php?rest_route=%2Fwp%2Fv2%2Fmedia&parent=1375"}],"curies":[{"name":"wp","href":"https:\/\/api.w.org\/{rel}","templated":true}]}}